{"id":193,"date":"2023-04-14T16:25:49","date_gmt":"2023-04-14T19:25:49","guid":{"rendered":"https:\/\/www.detetive-particular-brasil.com.br\/blog\/?page_id=193"},"modified":"2023-04-14T18:43:03","modified_gmt":"2023-04-14T21:43:03","slug":"blog","status":"publish","type":"page","link":"https:\/\/www.detetive-particular-brasil.com.br\/blog\/","title":{"rendered":"Blog"},"content":{"rendered":"\t\t<div data-elementor-type=\"wp-page\" data-elementor-id=\"193\" class=\"elementor elementor-193\" data-elementor-post-type=\"page\">\n\t\t\t\t\t\t<section class=\"elementor-section elementor-top-section elementor-element elementor-element-37528c10 elementor-section-boxed elementor-section-height-default elementor-section-height-default\" data-id=\"37528c10\" data-element_type=\"section\" data-e-type=\"section\">\n\t\t\t\t\t\t<div class=\"elementor-container elementor-column-gap-default\">\n\t\t\t\t\t<div class=\"elementor-column elementor-col-100 elementor-top-column elementor-element elementor-element-39244f0a\" data-id=\"39244f0a\" data-element_type=\"column\" data-e-type=\"column\">\n\t\t\t<div class=\"elementor-widget-wrap elementor-element-populated\">\n\t\t\t\t\t\t<div class=\"elementor-element elementor-element-53b9962d elementor-widget elementor-widget-heading\" data-id=\"53b9962d\" data-element_type=\"widget\" data-e-type=\"widget\" data-widget_type=\"heading.default\">\n\t\t\t\t<div class=\"elementor-widget-container\">\n\t\t\t\t\t<h2 class=\"elementor-heading-title elementor-size-default\">BLOG DE DETETIVES<\/h2>\t\t\t\t<\/div>\n\t\t\t\t<\/div>\n\t\t\t\t<div class=\"elementor-element elementor-element-7f5cbbc2 e-transform e-transform elementor-grid-3 elementor-grid-tablet-2 elementor-grid-mobile-1 elementor-posts--thumbnail-top elementor-widget elementor-widget-posts\" data-id=\"7f5cbbc2\" data-element_type=\"widget\" data-e-type=\"widget\" data-settings=\"{&quot;pagination_type&quot;:&quot;load_more_infinite_scroll&quot;,&quot;classic_columns&quot;:&quot;3&quot;,&quot;classic_columns_tablet&quot;:&quot;2&quot;,&quot;classic_columns_mobile&quot;:&quot;1&quot;,&quot;classic_row_gap&quot;:{&quot;unit&quot;:&quot;px&quot;,&quot;size&quot;:35,&quot;sizes&quot;:[]},&quot;classic_row_gap_tablet&quot;:{&quot;unit&quot;:&quot;px&quot;,&quot;size&quot;:&quot;&quot;,&quot;sizes&quot;:[]},&quot;classic_row_gap_mobile&quot;:{&quot;unit&quot;:&quot;px&quot;,&quot;size&quot;:&quot;&quot;,&quot;sizes&quot;:[]},&quot;load_more_spinner&quot;:{&quot;value&quot;:&quot;fas fa-spinner&quot;,&quot;library&quot;:&quot;fa-solid&quot;},&quot;_transform_scale_effect&quot;:{&quot;unit&quot;:&quot;px&quot;,&quot;size&quot;:&quot;&quot;,&quot;sizes&quot;:[]},&quot;_transform_scale_effect_tablet&quot;:{&quot;unit&quot;:&quot;px&quot;,&quot;size&quot;:&quot;&quot;,&quot;sizes&quot;:[]},&quot;_transform_scale_effect_mobile&quot;:{&quot;unit&quot;:&quot;px&quot;,&quot;size&quot;:&quot;&quot;,&quot;sizes&quot;:[]},&quot;_transform_scaleX_effect_hover&quot;:{&quot;unit&quot;:&quot;px&quot;,&quot;size&quot;:&quot;&quot;,&quot;sizes&quot;:[]},&quot;_transform_scaleX_effect_hover_tablet&quot;:{&quot;unit&quot;:&quot;px&quot;,&quot;size&quot;:&quot;&quot;,&quot;sizes&quot;:[]},&quot;_transform_scaleX_effect_hover_mobile&quot;:{&quot;unit&quot;:&quot;px&quot;,&quot;size&quot;:&quot;&quot;,&quot;sizes&quot;:[]},&quot;_transform_scaleY_effect_hover&quot;:{&quot;unit&quot;:&quot;px&quot;,&quot;size&quot;:&quot;&quot;,&quot;sizes&quot;:[]},&quot;_transform_scaleY_effect_hover_tablet&quot;:{&quot;unit&quot;:&quot;px&quot;,&quot;size&quot;:&quot;&quot;,&quot;sizes&quot;:[]},&quot;_transform_scaleY_effect_hover_mobile&quot;:{&quot;unit&quot;:&quot;px&quot;,&quot;size&quot;:&quot;&quot;,&quot;sizes&quot;:[]}}\" data-widget_type=\"posts.classic\">\n\t\t\t\t<div class=\"elementor-widget-container\">\n\t\t\t\t\t\t\t<div class=\"elementor-posts-container elementor-posts elementor-posts--skin-classic elementor-grid\">\n\t\t\t\t<article class=\"elementor-post elementor-grid-item post-923 post type-post status-publish format-standard has-post-thumbnail hentry category-sem-categoria\">\n\t\t\t\t<a class=\"elementor-post__thumbnail__link\" href=\"https:\/\/www.detetive-particular-brasil.com.br\/blog\/bullying\/\" tabindex=\"-1\" >\n\t\t\t<div class=\"elementor-post__thumbnail\"><img fetchpriority=\"high\" decoding=\"async\" width=\"300\" height=\"200\" src=\"https:\/\/www.detetive-particular-brasil.com.br\/blog\/wp-content\/uploads\/2023\/11\/bullying-8-300x200.jpg\" class=\"attachment-medium size-medium wp-image-924\" alt=\"bullying\" srcset=\"https:\/\/www.detetive-particular-brasil.com.br\/blog\/wp-content\/uploads\/2023\/11\/bullying-8-300x200.jpg 300w, https:\/\/www.detetive-particular-brasil.com.br\/blog\/wp-content\/uploads\/2023\/11\/bullying-8-768x512.jpg 768w, https:\/\/www.detetive-particular-brasil.com.br\/blog\/wp-content\/uploads\/2023\/11\/bullying-8.jpg 900w\" sizes=\"(max-width: 300px) 100vw, 300px\" \/><\/div>\n\t\t<\/a>\n\t\t\t\t<div class=\"elementor-post__text\">\n\t\t\t\t<h3 class=\"elementor-post__title\">\n\t\t\t<a href=\"https:\/\/www.detetive-particular-brasil.com.br\/blog\/bullying\/\" >\n\t\t\t\tBullying: saiba como identificar o que est\u00e1 acontecendo com seu filho\t\t\t<\/a>\n\t\t<\/h3>\n\t\t\t\t<\/div>\n\t\t\t\t<\/article>\n\t\t\t\t<article class=\"elementor-post elementor-grid-item post-915 post type-post status-publish format-standard has-post-thumbnail hentry category-sem-categoria\">\n\t\t\t\t<a class=\"elementor-post__thumbnail__link\" href=\"https:\/\/www.detetive-particular-brasil.com.br\/blog\/encontrar-detetive-particular\/\" tabindex=\"-1\" >\n\t\t\t<div class=\"elementor-post__thumbnail\"><img decoding=\"async\" width=\"300\" height=\"150\" src=\"https:\/\/www.detetive-particular-brasil.com.br\/blog\/wp-content\/uploads\/2023\/10\/pais-biologicos-300x150.jpeg\" class=\"attachment-medium size-medium wp-image-916\" alt=\"pais biol\u00f3gicos\" srcset=\"https:\/\/www.detetive-particular-brasil.com.br\/blog\/wp-content\/uploads\/2023\/10\/pais-biologicos-300x150.jpeg 300w, https:\/\/www.detetive-particular-brasil.com.br\/blog\/wp-content\/uploads\/2023\/10\/pais-biologicos-768x384.jpeg 768w, https:\/\/www.detetive-particular-brasil.com.br\/blog\/wp-content\/uploads\/2023\/10\/pais-biologicos.jpeg 800w\" sizes=\"(max-width: 300px) 100vw, 300px\" \/><\/div>\n\t\t<\/a>\n\t\t\t\t<div class=\"elementor-post__text\">\n\t\t\t\t<h3 class=\"elementor-post__title\">\n\t\t\t<a href=\"https:\/\/www.detetive-particular-brasil.com.br\/blog\/encontrar-detetive-particular\/\" >\n\t\t\t\tDescubra seus pais biol\u00f3gicos: desvende o mist\u00e9rio familiar com a expertise de um detetive particular\t\t\t<\/a>\n\t\t<\/h3>\n\t\t\t\t<\/div>\n\t\t\t\t<\/article>\n\t\t\t\t<article class=\"elementor-post elementor-grid-item post-909 post type-post status-publish format-standard has-post-thumbnail hentry category-sem-categoria\">\n\t\t\t\t<a class=\"elementor-post__thumbnail__link\" href=\"https:\/\/www.detetive-particular-brasil.com.br\/blog\/pedofilia\/\" tabindex=\"-1\" >\n\t\t\t<div class=\"elementor-post__thumbnail\"><img decoding=\"async\" width=\"300\" height=\"200\" src=\"https:\/\/www.detetive-particular-brasil.com.br\/blog\/wp-content\/uploads\/2023\/10\/1__wpvpPAaffQSbQzDFXUF8Q-300x200.png\" class=\"attachment-medium size-medium wp-image-910\" alt=\"pedofilia\" srcset=\"https:\/\/www.detetive-particular-brasil.com.br\/blog\/wp-content\/uploads\/2023\/10\/1__wpvpPAaffQSbQzDFXUF8Q-300x200.png 300w, https:\/\/www.detetive-particular-brasil.com.br\/blog\/wp-content\/uploads\/2023\/10\/1__wpvpPAaffQSbQzDFXUF8Q-1024x684.png 1024w, https:\/\/www.detetive-particular-brasil.com.br\/blog\/wp-content\/uploads\/2023\/10\/1__wpvpPAaffQSbQzDFXUF8Q-768x513.png 768w, https:\/\/www.detetive-particular-brasil.com.br\/blog\/wp-content\/uploads\/2023\/10\/1__wpvpPAaffQSbQzDFXUF8Q.png 1200w\" sizes=\"(max-width: 300px) 100vw, 300px\" \/><\/div>\n\t\t<\/a>\n\t\t\t\t<div class=\"elementor-post__text\">\n\t\t\t\t<h3 class=\"elementor-post__title\">\n\t\t\t<a href=\"https:\/\/www.detetive-particular-brasil.com.br\/blog\/pedofilia\/\" >\n\t\t\t\tPedofilia: Aprenda a Identificar e Denunciar\t\t\t<\/a>\n\t\t<\/h3>\n\t\t\t\t<\/div>\n\t\t\t\t<\/article>\n\t\t\t\t<article class=\"elementor-post elementor-grid-item post-901 post type-post status-publish format-standard has-post-thumbnail hentry category-sem-categoria\">\n\t\t\t\t<a class=\"elementor-post__thumbnail__link\" href=\"https:\/\/www.detetive-particular-brasil.com.br\/blog\/investigar-funcionarios\/\" tabindex=\"-1\" >\n\t\t\t<div class=\"elementor-post__thumbnail\"><img loading=\"lazy\" decoding=\"async\" width=\"300\" height=\"200\" src=\"https:\/\/www.detetive-particular-brasil.com.br\/blog\/wp-content\/uploads\/2023\/10\/iStock-498146146-300x200.jpg\" class=\"attachment-medium size-medium wp-image-902\" alt=\"investigar-funcion\u00e1rios\" srcset=\"https:\/\/www.detetive-particular-brasil.com.br\/blog\/wp-content\/uploads\/2023\/10\/iStock-498146146-300x200.jpg 300w, https:\/\/www.detetive-particular-brasil.com.br\/blog\/wp-content\/uploads\/2023\/10\/iStock-498146146-1024x683.jpg 1024w, https:\/\/www.detetive-particular-brasil.com.br\/blog\/wp-content\/uploads\/2023\/10\/iStock-498146146-768x512.jpg 768w, https:\/\/www.detetive-particular-brasil.com.br\/blog\/wp-content\/uploads\/2023\/10\/iStock-498146146.jpg 1254w\" sizes=\"(max-width: 300px) 100vw, 300px\" \/><\/div>\n\t\t<\/a>\n\t\t\t\t<div class=\"elementor-post__text\">\n\t\t\t\t<h3 class=\"elementor-post__title\">\n\t\t\t<a href=\"https:\/\/www.detetive-particular-brasil.com.br\/blog\/investigar-funcionarios\/\" >\n\t\t\t\tInvestigar funcion\u00e1rios: descubra 6 vantagens e descobertas incr\u00edveis\t\t\t<\/a>\n\t\t<\/h3>\n\t\t\t\t<\/div>\n\t\t\t\t<\/article>\n\t\t\t\t<article class=\"elementor-post elementor-grid-item post-894 post type-post status-publish format-standard has-post-thumbnail hentry category-sem-categoria\">\n\t\t\t\t<a class=\"elementor-post__thumbnail__link\" href=\"https:\/\/www.detetive-particular-brasil.com.br\/blog\/detetive-dinheiro\/\" tabindex=\"-1\" >\n\t\t\t<div class=\"elementor-post__thumbnail\"><img loading=\"lazy\" decoding=\"async\" width=\"300\" height=\"190\" src=\"https:\/\/www.detetive-particular-brasil.com.br\/blog\/wp-content\/uploads\/2023\/09\/OIP-300x190.jpeg\" class=\"attachment-medium size-medium wp-image-895\" alt=\"\" srcset=\"https:\/\/www.detetive-particular-brasil.com.br\/blog\/wp-content\/uploads\/2023\/09\/OIP-300x190.jpeg 300w, https:\/\/www.detetive-particular-brasil.com.br\/blog\/wp-content\/uploads\/2023\/09\/OIP.jpeg 474w\" sizes=\"(max-width: 300px) 100vw, 300px\" \/><\/div>\n\t\t<\/a>\n\t\t\t\t<div class=\"elementor-post__text\">\n\t\t\t\t<h3 class=\"elementor-post__title\">\n\t\t\t<a href=\"https:\/\/www.detetive-particular-brasil.com.br\/blog\/detetive-dinheiro\/\" >\n\t\t\t\tDetetive Particular: 5 passos para come\u00e7ar a ganhar dinheiro?\t\t\t<\/a>\n\t\t<\/h3>\n\t\t\t\t<\/div>\n\t\t\t\t<\/article>\n\t\t\t\t<article class=\"elementor-post elementor-grid-item post-885 post type-post status-publish format-standard has-post-thumbnail hentry category-sem-categoria\">\n\t\t\t\t<a class=\"elementor-post__thumbnail__link\" href=\"https:\/\/www.detetive-particular-brasil.com.br\/blog\/parceiro-te-ama\/\" tabindex=\"-1\" >\n\t\t\t<div class=\"elementor-post__thumbnail\"><img loading=\"lazy\" decoding=\"async\" width=\"300\" height=\"200\" src=\"https:\/\/www.detetive-particular-brasil.com.br\/blog\/wp-content\/uploads\/2023\/09\/parceiro-te-ama-300x200.jpg\" class=\"attachment-medium size-medium wp-image-886\" alt=\"descobrir se le\/ela te ama\" srcset=\"https:\/\/www.detetive-particular-brasil.com.br\/blog\/wp-content\/uploads\/2023\/09\/parceiro-te-ama-300x200.jpg 300w, https:\/\/www.detetive-particular-brasil.com.br\/blog\/wp-content\/uploads\/2023\/09\/parceiro-te-ama-1024x683.jpg 1024w, https:\/\/www.detetive-particular-brasil.com.br\/blog\/wp-content\/uploads\/2023\/09\/parceiro-te-ama-768x512.jpg 768w, https:\/\/www.detetive-particular-brasil.com.br\/blog\/wp-content\/uploads\/2023\/09\/parceiro-te-ama.jpg 1400w\" sizes=\"(max-width: 300px) 100vw, 300px\" \/><\/div>\n\t\t<\/a>\n\t\t\t\t<div class=\"elementor-post__text\">\n\t\t\t\t<h3 class=\"elementor-post__title\">\n\t\t\t<a href=\"https:\/\/www.detetive-particular-brasil.com.br\/blog\/parceiro-te-ama\/\" >\n\t\t\t\t5 formas para descobrir se o seu Parceiro Te Ama\t\t\t<\/a>\n\t\t<\/h3>\n\t\t\t\t<\/div>\n\t\t\t\t<\/article>\n\t\t\t\t<article class=\"elementor-post elementor-grid-item post-880 post type-post status-publish format-standard has-post-thumbnail hentry category-sem-categoria\">\n\t\t\t\t<a class=\"elementor-post__thumbnail__link\" href=\"https:\/\/www.detetive-particular-brasil.com.br\/blog\/inicio-carreira-detetive\/\" tabindex=\"-1\" >\n\t\t\t<div class=\"elementor-post__thumbnail\"><img loading=\"lazy\" decoding=\"async\" width=\"300\" height=\"200\" src=\"https:\/\/www.detetive-particular-brasil.com.br\/blog\/wp-content\/uploads\/2023\/09\/investigador-particular-300x200.jpg\" class=\"attachment-medium size-medium wp-image-881\" alt=\"carreira-detetive-particular\" srcset=\"https:\/\/www.detetive-particular-brasil.com.br\/blog\/wp-content\/uploads\/2023\/09\/investigador-particular-300x200.jpg 300w, https:\/\/www.detetive-particular-brasil.com.br\/blog\/wp-content\/uploads\/2023\/09\/investigador-particular-768x512.jpg 768w, https:\/\/www.detetive-particular-brasil.com.br\/blog\/wp-content\/uploads\/2023\/09\/investigador-particular.jpg 1000w\" sizes=\"(max-width: 300px) 100vw, 300px\" \/><\/div>\n\t\t<\/a>\n\t\t\t\t<div class=\"elementor-post__text\">\n\t\t\t\t<h3 class=\"elementor-post__title\">\n\t\t\t<a href=\"https:\/\/www.detetive-particular-brasil.com.br\/blog\/inicio-carreira-detetive\/\" >\n\t\t\t\tO in\u00edcio da carreira de um Detetive Particular: os primeiros passos rumo a uma profiss\u00e3o intrigante\t\t\t<\/a>\n\t\t<\/h3>\n\t\t\t\t<\/div>\n\t\t\t\t<\/article>\n\t\t\t\t<article class=\"elementor-post elementor-grid-item post-867 post type-post status-publish format-standard has-post-thumbnail hentry category-sem-categoria\">\n\t\t\t\t<a class=\"elementor-post__thumbnail__link\" href=\"https:\/\/www.detetive-particular-brasil.com.br\/blog\/traicao-como-detectar\/\" tabindex=\"-1\" >\n\t\t\t<div class=\"elementor-post__thumbnail\"><img loading=\"lazy\" decoding=\"async\" width=\"300\" height=\"150\" src=\"https:\/\/www.detetive-particular-brasil.com.br\/blog\/wp-content\/uploads\/2023\/09\/infidelidade-1-300x150.jpg\" class=\"attachment-medium size-medium wp-image-878\" alt=\"trai\u00e7\u00e3o-como-detectar\" srcset=\"https:\/\/www.detetive-particular-brasil.com.br\/blog\/wp-content\/uploads\/2023\/09\/infidelidade-1-300x150.jpg 300w, https:\/\/www.detetive-particular-brasil.com.br\/blog\/wp-content\/uploads\/2023\/09\/infidelidade-1-1024x512.jpg 1024w, https:\/\/www.detetive-particular-brasil.com.br\/blog\/wp-content\/uploads\/2023\/09\/infidelidade-1-768x384.jpg 768w, https:\/\/www.detetive-particular-brasil.com.br\/blog\/wp-content\/uploads\/2023\/09\/infidelidade-1-1536x768.jpg 1536w, https:\/\/www.detetive-particular-brasil.com.br\/blog\/wp-content\/uploads\/2023\/09\/infidelidade-1-2048x1024.jpg 2048w\" sizes=\"(max-width: 300px) 100vw, 300px\" \/><\/div>\n\t\t<\/a>\n\t\t\t\t<div class=\"elementor-post__text\">\n\t\t\t\t<h3 class=\"elementor-post__title\">\n\t\t\t<a href=\"https:\/\/www.detetive-particular-brasil.com.br\/blog\/traicao-como-detectar\/\" >\n\t\t\t\tTrai\u00e7\u00e3o: 9 formas de detectar se o seu Parceiro est\u00e1 te traindo\t\t\t<\/a>\n\t\t<\/h3>\n\t\t\t\t<\/div>\n\t\t\t\t<\/article>\n\t\t\t\t<article class=\"elementor-post elementor-grid-item post-859 post type-post status-publish format-standard has-post-thumbnail hentry category-sem-categoria\">\n\t\t\t\t<a class=\"elementor-post__thumbnail__link\" href=\"https:\/\/www.detetive-particular-brasil.com.br\/blog\/manter-fogo-da-paixao\/\" tabindex=\"-1\" >\n\t\t\t<div class=\"elementor-post__thumbnail\"><img loading=\"lazy\" decoding=\"async\" width=\"300\" height=\"169\" src=\"https:\/\/www.detetive-particular-brasil.com.br\/blog\/wp-content\/uploads\/2023\/09\/paixao-acesa-6-300x169.jpg\" class=\"attachment-medium size-medium wp-image-860\" alt=\"\" srcset=\"https:\/\/www.detetive-particular-brasil.com.br\/blog\/wp-content\/uploads\/2023\/09\/paixao-acesa-6-300x169.jpg 300w, https:\/\/www.detetive-particular-brasil.com.br\/blog\/wp-content\/uploads\/2023\/09\/paixao-acesa-6-1024x576.jpg 1024w, https:\/\/www.detetive-particular-brasil.com.br\/blog\/wp-content\/uploads\/2023\/09\/paixao-acesa-6-768x432.jpg 768w, https:\/\/www.detetive-particular-brasil.com.br\/blog\/wp-content\/uploads\/2023\/09\/paixao-acesa-6-1536x864.jpg 1536w, https:\/\/www.detetive-particular-brasil.com.br\/blog\/wp-content\/uploads\/2023\/09\/paixao-acesa-6.jpg 1920w\" sizes=\"(max-width: 300px) 100vw, 300px\" \/><\/div>\n\t\t<\/a>\n\t\t\t\t<div class=\"elementor-post__text\">\n\t\t\t\t<h3 class=\"elementor-post__title\">\n\t\t\t<a href=\"https:\/\/www.detetive-particular-brasil.com.br\/blog\/manter-fogo-da-paixao\/\" >\n\t\t\t\t10 maneiras para manter o Fogo da Paix\u00e3o em um relacionamento\t\t\t<\/a>\n\t\t<\/h3>\n\t\t\t\t<\/div>\n\t\t\t\t<\/article>\n\t\t\t\t<\/div>\n\t\t\t\t\t<span class=\"e-load-more-spinner\">\n\t\t\t\t<i aria-hidden=\"true\" class=\"fas fa-spinner\"><\/i>\t\t\t<\/span>\n\t\t\n\t\t\t\t<div class=\"e-load-more-anchor\" data-page=\"1\" data-max-page=\"7\" data-next-page=\"https:\/\/www.detetive-particular-brasil.com.br\/blog\/wp-json\/wp\/v2\/pages\/193\/page\/2\/\"><\/div>\n\t\t\t\t<div class=\"e-load-more-message\"><\/div>\n\t\t\t\t\t\t<\/div>\n\t\t\t\t<\/div>\n\t\t\t\t\t<\/div>\n\t\t<\/div>\n\t\t\t\t\t<\/div>\n\t\t<\/section>\n\t\t\t\t<\/div>\n\t\t","protected":false},"excerpt":{"rendered":"<p>BLOG DE DETETIVES<\/p>\n","protected":false},"author":1,"featured_media":0,"parent":0,"menu_order":0,"comment_status":"closed","ping_status":"closed","template":"","meta":{"site-sidebar-layout":"no-sidebar","site-content-layout":"page-builder","ast-site-content-layout":"","site-content-style":"default","site-sidebar-style":"default","ast-global-header-display":"","ast-banner-title-visibility":"","ast-main-header-display":"","ast-hfb-above-header-display":"","ast-hfb-below-header-display":"","ast-hfb-mobile-header-display":"","site-post-title":"disabled","ast-breadcrumbs-content":"","ast-featured-img":"disabled","footer-sml-layout":"","theme-transparent-header-meta":"","adv-header-id-meta":"","stick-header-meta":"","header-above-stick-meta":"","header-main-stick-meta":"","header-below-stick-meta":"","astra-migrate-meta-layouts":"default","ast-page-background-enabled":"default","ast-page-background-meta":{"desktop":{"background-color":"var(--ast-global-color-4)","background-image":"","background-repeat":"repeat","background-position":"center center","background-size":"auto","background-attachment":"scroll","background-type":"","background-media":"","overlay-type":"","overlay-color":"","overlay-opacity":"","overlay-gradient":""},"tablet":{"background-color":"","background-image":"","background-repeat":"repeat","background-position":"center center","background-size":"auto","background-attachment":"scroll","background-type":"","background-media":"","overlay-type":"","overlay-color":"","overlay-opacity":"","overlay-gradient":""},"mobile":{"background-color":"","background-image":"","background-repeat":"repeat","background-position":"center center","background-size":"auto","background-attachment":"scroll","background-type":"","background-media":"","overlay-type":"","overlay-color":"","overlay-opacity":"","overlay-gradient":""}},"ast-content-background-meta":{"desktop":{"background-color":"var(--ast-global-color-5)","background-image":"","background-repeat":"repeat","background-position":"center center","background-size":"auto","background-attachment":"scroll","background-type":"","background-media":"","overlay-type":"","overlay-color":"","overlay-opacity":"","overlay-gradient":""},"tablet":{"background-color":"var(--ast-global-color-5)","background-image":"","background-repeat":"repeat","background-position":"center center","background-size":"auto","background-attachment":"scroll","background-type":"","background-media":"","overlay-type":"","overlay-color":"","overlay-opacity":"","overlay-gradient":""},"mobile":{"background-color":"var(--ast-global-color-5)","background-image":"","background-repeat":"repeat","background-position":"center center","background-size":"auto","background-attachment":"scroll","background-type":"","background-media":"","overlay-type":"","overlay-color":"","overlay-opacity":"","overlay-gradient":""}},"footnotes":""},"class_list":["post-193","page","type-page","status-publish","hentry"],"_links":{"self":[{"href":"https:\/\/www.detetive-particular-brasil.com.br\/blog\/wp-json\/wp\/v2\/pages\/193","targetHints":{"allow":["GET"]}}],"collection":[{"href":"https:\/\/www.detetive-particular-brasil.com.br\/blog\/wp-json\/wp\/v2\/pages"}],"about":[{"href":"https:\/\/www.detetive-particular-brasil.com.br\/blog\/wp-json\/wp\/v2\/types\/page"}],"author":[{"embeddable":true,"href":"https:\/\/www.detetive-particular-brasil.com.br\/blog\/wp-json\/wp\/v2\/users\/1"}],"replies":[{"embeddable":true,"href":"https:\/\/www.detetive-particular-brasil.com.br\/blog\/wp-json\/wp\/v2\/comments?post=193"}],"version-history":[{"count":19,"href":"https:\/\/www.detetive-particular-brasil.com.br\/blog\/wp-json\/wp\/v2\/pages\/193\/revisions"}],"predecessor-version":[{"id":250,"href":"https:\/\/www.detetive-particular-brasil.com.br\/blog\/wp-json\/wp\/v2\/pages\/193\/revisions\/250"}],"wp:attachment":[{"href":"https:\/\/www.detetive-particular-brasil.com.br\/blog\/wp-json\/wp\/v2\/media?parent=193"}],"curies":[{"name":"wp","href":"https:\/\/api.w.org\/{rel}","templated":true}]}}